{"id":255,"date":"2019-10-19T06:18:59","date_gmt":"2019-10-19T06:18:59","guid":{"rendered":"https:\/\/x-theme.net\/avas-creative-agency\/?page_id=255"},"modified":"2025-10-07T22:05:25","modified_gmt":"2025-10-07T20:05:25","slug":"o-meni","status":"publish","type":"page","link":"https:\/\/ujeminasmeh.si\/?page_id=255","title":{"rendered":"O Meni"},"content":{"rendered":"<style>.elementor-255 .elementor-element.elementor-element-aa1a5a1{margin-top:0px;margin-bottom:0px;}.elementor-255 .elementor-element.elementor-element-668e8f5 > .elementor-element-populated{padding:0px 0px 0px -16px;}.elementor-255 .elementor-element.elementor-element-8ed8474 > .elementor-container{max-width:1600px;}.elementor-bc-flex-widget .elementor-255 .elementor-element.elementor-element-b1ecece.elementor-column .elementor-widget-wrap{align-items:flex-start;}.elementor-255 .elementor-element.elementor-element-b1ecece.elementor-column.elementor-element[data-element_type=\"column\"] > .elementor-widget-wrap.elementor-element-populated{align-content:flex-start;align-items:flex-start;}.elementor-widget-image .widget-image-caption{color:var( --e-global-color-text );}.elementor-255 .elementor-element.elementor-element-9af284e{text-align:end;}.elementor-255 .elementor-element.elementor-element-9af284e img{width:100%;max-width:100%;height:500px;object-fit:contain;object-position:top right;opacity:1;}.elementor-widget-text-editor{color:var( --e-global-color-text );}.elementor-widget-text-editor.elementor-drop-cap-view-stacked .elementor-drop-cap{background-color:var( --e-global-color-primary );}.elementor-widget-text-editor.elementor-drop-cap-view-framed .elementor-drop-cap, .elementor-widget-text-editor.elementor-drop-cap-view-default .elementor-drop-cap{color:var( --e-global-color-primary );border-color:var( --e-global-color-primary );}:root{--page-title-display:none;}@media(min-width:768px){.elementor-255 .elementor-element.elementor-element-b1ecece{width:40.25%;}.elementor-255 .elementor-element.elementor-element-9cc5ce3{width:59.75%;}}@media(max-width:1024px){.elementor-255 .elementor-element.elementor-element-aa1a5a1{padding:0px 0px 0px 0px;}}<\/style>\t\t<div data-elementor-type=\"wp-page\" data-elementor-id=\"255\" class=\"elementor elementor-255\">\n\t\t\t\t\t\t<section class=\"elementor-section elementor-top-section elementor-element elementor-element-aa1a5a1 elementor-section-full_width elementor-section-height-default elementor-section-height-default\" data-id=\"aa1a5a1\" data-element_type=\"section\" data-e-type=\"section\">\n\t\t\t\t\t\t<div class=\"elementor-container elementor-column-gap-default\">\n\t\t\t\t\t<div class=\"elementor-column elementor-col-100 elementor-top-column elementor-element elementor-element-668e8f5\" data-id=\"668e8f5\" data-element_type=\"column\" data-e-type=\"column\">\n\t\t\t<div class=\"elementor-widget-wrap elementor-element-populated\">\n\t\t\t\t\t\t<section class=\"elementor-section elementor-inner-section elementor-element elementor-element-8ed8474 elementor-section-boxed elementor-section-height-default elementor-section-height-default\" data-id=\"8ed8474\" data-element_type=\"section\" data-e-type=\"section\">\n\t\t\t\t\t\t<div class=\"elementor-container elementor-column-gap-default\">\n\t\t\t\t\t<div class=\"elementor-column elementor-col-50 elementor-inner-column elementor-element elementor-element-b1ecece\" data-id=\"b1ecece\" data-element_type=\"column\" data-e-type=\"column\">\n\t\t\t<div class=\"elementor-widget-wrap elementor-element-populated\">\n\t\t\t\t\t\t<div class=\"elementor-element elementor-element-9af284e elementor-widget elementor-widget-image\" data-id=\"9af284e\" data-element_type=\"widget\" data-e-type=\"widget\" data-widget_type=\"image.default\">\n\t\t\t\t<div class=\"elementor-widget-container\">\n\t\t\t\t\t\t\t\t\t\t\t\t\t\t\t<img fetchpriority=\"high\" decoding=\"async\" width=\"746\" height=\"1024\" src=\"https:\/\/ujeminasmeh.si\/wp-content\/uploads\/2024\/05\/mala-1-746x1024.jpg\" class=\"attachment-large size-large wp-image-2714\" alt=\"\" srcset=\"https:\/\/ujeminasmeh.si\/wp-content\/uploads\/2024\/05\/mala-1-746x1024.jpg 746w, https:\/\/ujeminasmeh.si\/wp-content\/uploads\/2024\/05\/mala-1-1024x1406.jpg 1024w, https:\/\/ujeminasmeh.si\/wp-content\/uploads\/2024\/05\/mala-1-219x300.jpg 219w, https:\/\/ujeminasmeh.si\/wp-content\/uploads\/2024\/05\/mala-1-768x1054.jpg 768w, https:\/\/ujeminasmeh.si\/wp-content\/uploads\/2024\/05\/mala-1-1119x1536.jpg 1119w, https:\/\/ujeminasmeh.si\/wp-content\/uploads\/2024\/05\/mala-1-1492x2048.jpg 1492w, https:\/\/ujeminasmeh.si\/wp-content\/uploads\/2024\/05\/mala-1.jpg 1615w\" sizes=\"(max-width: 746px) 100vw, 746px\" \/>\t\t\t\t\t\t\t\t\t\t\t\t\t\t\t<\/div>\n\t\t\t\t<\/div>\n\t\t\t\t\t<\/div>\n\t\t<\/div>\n\t\t\t\t<div class=\"elementor-column elementor-col-50 elementor-inner-column elementor-element elementor-element-9cc5ce3\" data-id=\"9cc5ce3\" data-element_type=\"column\" data-e-type=\"column\">\n\t\t\t<div class=\"elementor-widget-wrap elementor-element-populated\">\n\t\t\t\t\t\t<div class=\"elementor-element elementor-element-dedc3be elementor-widget elementor-widget-text-editor\" data-id=\"dedc3be\" data-element_type=\"widget\" data-e-type=\"widget\" data-widget_type=\"text-editor.default\">\n\t\t\t\t<div class=\"elementor-widget-container\">\n\t\t\t\t\t\t\t\t\t<p class=\"p1\">Sem Bojana, mama, \u017eena, h\u010di, zaljubljena v \u017eivljenje.<\/p><p class=\"p1\"><span style=\"font-family: var( --e-global-typography-text-font-family ), Sans-serif; background-color: var(--nv-site-bg); text-transform: var(--bodyTextTransform);\"><span style=\"font-weight: var( --e-global-typography-text-font-weight );\">Verjamem v mo\u010d sr\u010dne in lahkotne komunikacije, ki je v \u010darobnosti povezovanja in edinstvenosti izra\u017eanja vsakega posameznika.<\/span><br \/><\/span><span style=\"font-style: inherit;\"><br \/><b>Danes podpiram h\u010dere v zrelih letih<\/b><\/span><span style=\"font-style: inherit; font-weight: inherit;\">, ki se zavedajo dragocenosti sr\u010dnega povezovanja z mamo<\/span><span class=\"Apple-converted-space\" style=\"font-style: inherit; font-weight: inherit;\">\u00a0 <\/span><span style=\"font-style: inherit; font-weight: inherit;\">in si \u017eelijo vzeti \u010das za negovanje njunega sr\u010dnega odnosa, vnesti vanj ve\u010d lahkotnosti, povezanosti, kar prina\u0161a v njihovo \u017eivljenje ve\u010d miru in ljubezni.<\/span><\/p><p class=\"p1\">Navdih za<span class=\"Apple-converted-space\">\u00a0 <\/span>oblikovanje programa in podpore h\u010deram v zrelih letih<span class=\"Apple-converted-space\">\u00a0 <\/span>je <b>moja osebna izku\u0161nja z mamo<\/b>, ki jo \u017eelim deliti s tabo. Iz izku\u0161nje vem, kak\u0161en\u00a0 neusahljiv vir energije, mo\u010di in notranjega miru so bili vsi najini\u00a0 \u00a0klepeti, poslu\u0161anje in pripovedovanje zgodb,\u00a0 nasmeh, objem in \u010das, ki sva ga\u00a0 namenili druga drugi v zadnjih letih.<\/p><p class=\"p1\">Moj pristop podpore je preplet osebne izku\u0161nje, izku\u0161enj pridobljenih na mojih delavnicah na temo sr\u010dnosti in ustvarjalnosti ter znanja z razli\u010dnih podro\u010dij, predvsem s podro\u010dja osebne rasti in odnosov, ki ga nenehno izpopolnjujem.\u00a0<span style=\"font-family: var( --e-global-typography-text-font-family ), Sans-serif; font-weight: var( --e-global-typography-text-font-weight ); background-color: var(--nv-site-bg); text-transform: var(--bodyTextTransform);\">Sem NLP praktik.<\/span><\/p><p class=\"p1\">Z najve\u010djim veseljem in navdihom te podpiram na poti bogatenja tvojega sr\u010dnega in ljube\u010dega povezovanja z mamo, kar tvoje \u017eivljenje zagotovo napolni in obogati z ob\u010dutkom miru in hvale\u017enosti.<\/p>\t\t\t\t\t\t\t\t<\/div>\n\t\t\t\t<\/div>\n\t\t\t\t\t<\/div>\n\t\t<\/div>\n\t\t\t\t\t<\/div>\n\t\t<\/section>\n\t\t\t\t\t<\/div>\n\t\t<\/div>\n\t\t\t\t\t<\/div>\n\t\t<\/section>\n\t\t\t\t<\/div>\n\t\t","protected":false},"excerpt":{"rendered":"<p>Sem Bojana, mama, \u017eena, h\u010di, zaljubljena v \u017eivljenje. Verjamem v mo\u010d sr\u010dne in lahkotne komunikacije, ki je v \u010darobnosti povezovanja in edinstvenosti izra\u017eanja vsakega posameznika. Danes podpiram h\u010dere v zrelih letih, ki se zavedajo dragocenosti sr\u010dnega povezovanja z mamo\u00a0 in si \u017eelijo vzeti \u010das za negovanje njunega sr\u010dnega odnosa, vnesti vanj ve\u010d lahkotnosti, povezanosti, kar&hellip;&nbsp;<a href=\"https:\/\/ujeminasmeh.si\/?page_id=255\" rel=\"bookmark\">Preberi ve\u010d &raquo;<span class=\"screen-reader-text\">O Meni<\/span><\/a><\/p>\n","protected":false},"author":1,"featured_media":0,"parent":0,"menu_order":0,"comment_status":"closed","ping_status":"closed","template":"elementor_header_footer","meta":{"_uag_custom_page_level_css":"","neve_meta_sidebar":"","neve_meta_container":"","neve_meta_enable_content_width":"","neve_meta_content_width":0,"neve_meta_title_alignment":"","neve_meta_author_avatar":"","neve_post_elements_order":"","neve_meta_disable_header":"","neve_meta_disable_footer":"","neve_meta_disable_title":"on","_themeisle_gutenberg_block_has_review":false,"footnotes":""},"class_list":["post-255","page","type-page","status-publish","hentry"],"featured_image_src":"","featured_image_src_square":false,"rbea_author_info":{"display_name":"matijaosojnik","author_link":"https:\/\/ujeminasmeh.si\/?author=1"},"rbea_excerpt_info":"Sem Bojana, mama, \u017eena, h\u010di, zaljubljena v \u017eivljenje. Verjamem v mo\u010d sr\u010dne in lahkotne komunikacije, ki je v \u010darobnosti povezovanja in edinstvenosti izra\u017eanja vsakega posameznika. Danes podpiram h\u010dere v zrelih letih, ki se zavedajo dragocenosti sr\u010dnega povezovanja z mamo\u00a0 in si \u017eelijo vzeti \u010das za negovanje njunega sr\u010dnega odnosa, vnesti vanj ve\u010d lahkotnosti, povezanosti, kar&hellip;&nbsp;<a href=\"https:\/\/ujeminasmeh.si\/?page_id=255\" rel=\"bookmark\">Preberi ve\u010d &raquo;<span class=\"screen-reader-text\">O Meni<\/span><\/a>","uagb_featured_image_src":{"full":false,"thumbnail":false,"medium":false,"medium_large":false,"large":false,"1536x1536":false,"2048x2048":false,"neve-blog":false,"woocommerce_thumbnail":false,"woocommerce_single":false,"woocommerce_gallery_thumbnail":false},"uagb_author_info":{"display_name":"matijaosojnik","author_link":"https:\/\/ujeminasmeh.si\/?author=1"},"uagb_comment_info":0,"uagb_excerpt":"Sem Bojana, mama, \u017eena, h\u010di, zaljubljena v \u017eivljenje. Verjamem v mo\u010d sr\u010dne in lahkotne komunikacije, ki je v \u010darobnosti povezovanja in edinstvenosti izra\u017eanja vsakega posameznika. Danes podpiram h\u010dere v zrelih letih, ki se zavedajo dragocenosti sr\u010dnega povezovanja z mamo\u00a0 in si \u017eelijo vzeti \u010das za negovanje njunega sr\u010dnega odnosa, vnesti vanj ve\u010d lahkotnosti, povezanosti, kar&hellip;&nbsp;Preberi&hellip;","_links":{"self":[{"href":"https:\/\/ujeminasmeh.si\/index.php?rest_route=\/wp\/v2\/pages\/255","targetHints":{"allow":["GET"]}}],"collection":[{"href":"https:\/\/ujeminasmeh.si\/index.php?rest_route=\/wp\/v2\/pages"}],"about":[{"href":"https:\/\/ujeminasmeh.si\/index.php?rest_route=\/wp\/v2\/types\/page"}],"author":[{"embeddable":true,"href":"https:\/\/ujeminasmeh.si\/index.php?rest_route=\/wp\/v2\/users\/1"}],"replies":[{"embeddable":true,"href":"https:\/\/ujeminasmeh.si\/index.php?rest_route=%2Fwp%2Fv2%2Fcomments&post=255"}],"version-history":[{"count":182,"href":"https:\/\/ujeminasmeh.si\/index.php?rest_route=\/wp\/v2\/pages\/255\/revisions"}],"predecessor-version":[{"id":4972,"href":"https:\/\/ujeminasmeh.si\/index.php?rest_route=\/wp\/v2\/pages\/255\/revisions\/4972"}],"wp:attachment":[{"href":"https:\/\/ujeminasmeh.si\/index.php?rest_route=%2Fwp%2Fv2%2Fmedia&parent=255"}],"curies":[{"name":"wp","href":"https:\/\/api.w.org\/{rel}","templated":true}]}}