{"id":265,"date":"2020-09-09T17:55:08","date_gmt":"2020-09-09T15:55:08","guid":{"rendered":"https:\/\/demosites.io\/shop-gb\/?page_id=265"},"modified":"2025-11-08T18:57:48","modified_gmt":"2025-11-08T17:57:48","slug":"domov","status":"publish","type":"page","link":"https:\/\/ujeminasmeh.si\/","title":{"rendered":"Doma\u010da stran"},"content":{"rendered":"<style>.elementor-265 .elementor-element.elementor-element-7dce7f44{overflow:hidden;margin-top:0px;margin-bottom:0px;}.elementor-265 .elementor-element.elementor-element-7dce7f44 > .elementor-background-overlay{background-image:url(\"https:\/\/ujeminasmeh.si\/wp-content\/uploads\/2025\/10\/Kopija-izd.-an.png\");background-size:cover;opacity:1;}.elementor-265 .elementor-element.elementor-element-285261d > .elementor-widget-wrap > .elementor-widget:not(.elementor-widget__width-auto):not(.elementor-widget__width-initial):not(:last-child):not(.elementor-absolute){margin-block-end:0px;}.elementor-265 .elementor-element.elementor-element-285261d > .elementor-element-populated{transition:background 0.3s, border 0.3s, border-radius 0.3s, box-shadow 0.3s;}.elementor-265 .elementor-element.elementor-element-285261d > .elementor-element-populated > .elementor-background-overlay{transition:background 0.3s, border-radius 0.3s, opacity 0.3s;}.elementor-265 .elementor-element.elementor-element-ca3814b{--display:flex;--flex-direction:row;--container-widget-width:calc( ( 1 - var( --container-widget-flex-grow ) ) * 100% );--container-widget-height:100%;--container-widget-flex-grow:1;--container-widget-align-self:stretch;--flex-wrap-mobile:wrap;--justify-content:flex-end;--align-items:center;--padding-top:214px;--padding-bottom:143px;--padding-left:636px;--padding-right:143px;}.elementor-265 .elementor-element.elementor-element-ca3814b.e-con{--flex-grow:0;--flex-shrink:0;}.elementor-265 .elementor-element.elementor-element-f6b2723{--display:flex;--margin-top:0px;--margin-bottom:0px;--margin-left:0px;--margin-right:0px;}.elementor-265 .elementor-element.elementor-element-f6b2723.e-con{--order:99999 \/* order end hack *\/;--flex-grow:0;--flex-shrink:0;}.elementor-widget-text-editor{color:var( --e-global-color-text );}.elementor-widget-text-editor.elementor-drop-cap-view-stacked .elementor-drop-cap{background-color:var( --e-global-color-primary );}.elementor-widget-text-editor.elementor-drop-cap-view-framed .elementor-drop-cap, .elementor-widget-text-editor.elementor-drop-cap-view-default .elementor-drop-cap{color:var( --e-global-color-primary );border-color:var( --e-global-color-primary );}.elementor-265 .elementor-element.elementor-element-d89bdce{text-align:start;font-family:\"Roboto\", Sans-serif;font-size:40px;font-weight:bold;color:var( --e-global-color-nvprimaryaccent );}.elementor-265 .elementor-element.elementor-element-d89bdce > .elementor-widget-container{margin:0px 0px -35px 0px;padding:0px 0px 0px 0px;}.elementor-265 .elementor-element.elementor-element-d89bdce.elementor-element{--flex-grow:0;--flex-shrink:0;}.elementor-265 .elementor-element.elementor-element-0241d70{font-family:\"Roboto\", Sans-serif;font-size:40px;font-weight:bold;color:var( --e-global-color-nvprimaryaccent );}:root{--page-title-display:none;}@media(min-width:768px){.elementor-265 .elementor-element.elementor-element-f6b2723{--width:76.378%;}}@media(max-width:1024px){.elementor-265 .elementor-element.elementor-element-7dce7f44 > .elementor-background-overlay{background-position:top left;background-repeat:no-repeat;background-size:cover;}.elementor-265 .elementor-element.elementor-element-7dce7f44 > .elementor-container{text-align:start;}.elementor-265 .elementor-element.elementor-element-7dce7f44{margin-top:0px;margin-bottom:0px;padding:0px 0px 0px 0px;}.elementor-bc-flex-widget .elementor-265 .elementor-element.elementor-element-285261d.elementor-column .elementor-widget-wrap{align-items:flex-start;}.elementor-265 .elementor-element.elementor-element-285261d.elementor-column.elementor-element[data-element_type=\"column\"] > .elementor-widget-wrap.elementor-element-populated{align-content:flex-start;align-items:flex-start;}.elementor-265 .elementor-element.elementor-element-285261d.elementor-column > .elementor-widget-wrap{justify-content:flex-start;}.elementor-265 .elementor-element.elementor-element-285261d > .elementor-widget-wrap > .elementor-widget:not(.elementor-widget__width-auto):not(.elementor-widget__width-initial):not(:last-child):not(.elementor-absolute){margin-block-end:0px;}.elementor-265 .elementor-element.elementor-element-285261d .elementor-background-slideshow__slide__image{background-size:contain;}.elementor-265 .elementor-element.elementor-element-285261d > .elementor-element-populated{margin:0px 0px 0px 0px;--e-column-margin-right:0px;--e-column-margin-left:0px;padding:0px 0px 0px 0px;}.elementor-265 .elementor-element.elementor-element-ca3814b{--justify-content:flex-start;--margin-top:0px;--margin-bottom:0px;--margin-left:0px;--margin-right:0px;--padding-top:0px;--padding-bottom:0px;--padding-left:0px;--padding-right:0px;}.elementor-265 .elementor-element.elementor-element-ca3814b.e-con{--align-self:flex-start;--order:-99999 \/* order start hack *\/;--flex-grow:1;--flex-shrink:0;}.elementor-265 .elementor-element.elementor-element-f6b2723{--min-height:380px;--flex-direction:column;--container-widget-width:calc( ( 1 - var( --container-widget-flex-grow ) ) * 100% );--container-widget-height:initial;--container-widget-flex-grow:0;--container-widget-align-self:initial;--flex-wrap-mobile:wrap;--justify-content:center;--align-items:flex-start;--margin-top:0px;--margin-bottom:0px;--margin-left:0px;--margin-right:0px;--padding-top:0px;--padding-bottom:0px;--padding-left:311px;--padding-right:0px;}.elementor-265 .elementor-element.elementor-element-f6b2723.e-con{--align-self:flex-start;--order:-99999 \/* order start hack *\/;}.elementor-265 .elementor-element.elementor-element-d89bdce{font-size:31px;width:100%;max-width:100%;}.elementor-265 .elementor-element.elementor-element-d89bdce > .elementor-widget-container{margin:0px 0px 0px 0px;padding:0px 0px 0px 0px;}.elementor-265 .elementor-element.elementor-element-d89bdce.elementor-element{--align-self:flex-start;--order:-99999 \/* order start hack *\/;}.elementor-265 .elementor-element.elementor-element-0241d70{font-size:23px;width:var( --container-widget-width, 403px );max-width:403px;--container-widget-width:403px;--container-widget-flex-grow:0;}.elementor-265 .elementor-element.elementor-element-0241d70 > .elementor-widget-container{margin:-34px 0px -25px 2px;padding:0px 0px 0px 0px;}.elementor-265 .elementor-element.elementor-element-0241d70.elementor-element{--align-self:flex-start;--order:-99999 \/* order start hack *\/;}body.elementor-page-265{margin:0px 0px 0px -0px;padding:0px 0px 0px 0px;}}@media(max-width:767px){.elementor-265 .elementor-element.elementor-element-7dce7f44 > .elementor-background-overlay{background-image:url(\"https:\/\/ujeminasmeh.si\/wp-content\/uploads\/2025\/10\/Kopija-izd.-an.png\");background-position:top left;background-repeat:no-repeat;background-size:cover;}.elementor-265 .elementor-element.elementor-element-285261d{width:100%;}.elementor-265 .elementor-element.elementor-element-285261d.elementor-column > .elementor-widget-wrap{justify-content:flex-start;}.elementor-265 .elementor-element.elementor-element-285261d > .elementor-element-populated{margin:0px 0px 0px 0px;--e-column-margin-right:0px;--e-column-margin-left:0px;}.elementor-265 .elementor-element.elementor-element-ca3814b{--width:500px;--flex-direction:row;--container-widget-width:calc( ( 1 - var( --container-widget-flex-grow ) ) * 100% );--container-widget-height:100%;--container-widget-flex-grow:1;--container-widget-align-self:stretch;--flex-wrap-mobile:wrap;--justify-content:center;--align-items:flex-start;--gap:0px 0px;--row-gap:0px;--column-gap:0px;--margin-top:0px;--margin-bottom:0px;--margin-left:0px;--margin-right:0px;--padding-top:0px;--padding-bottom:0px;--padding-left:0px;--padding-right:0px;}.elementor-265 .elementor-element.elementor-element-f6b2723{--width:784px;--min-height:0px;--margin-top:0px;--margin-bottom:0px;--margin-left:0px;--margin-right:0px;}.elementor-265 .elementor-element.elementor-element-f6b2723.e-con{--align-self:flex-start;}.elementor-265 .elementor-element.elementor-element-d89bdce{text-align:start;font-size:15px;width:var( --container-widget-width, 642px );max-width:642px;--container-widget-width:642px;--container-widget-flex-grow:0;}.elementor-265 .elementor-element.elementor-element-d89bdce > .elementor-widget-container{margin:26px 0px 0px 21px;}.elementor-265 .elementor-element.elementor-element-d89bdce.elementor-element{--align-self:flex-start;--order:-99999 \/* order start hack *\/;}.elementor-265 .elementor-element.elementor-element-0241d70{text-align:start;font-size:15px;--container-widget-width:277px;--container-widget-flex-grow:0;width:var( --container-widget-width, 277px );max-width:277px;}.elementor-265 .elementor-element.elementor-element-0241d70 p{margin-block-end:0px;}.elementor-265 .elementor-element.elementor-element-0241d70 > .elementor-widget-container{margin:-28px 0px 0px 21px;padding:0px 0px 0px 0px;}.elementor-265 .elementor-element.elementor-element-0241d70.elementor-element{--align-self:flex-start;--order:-99999 \/* order start hack *\/;--flex-grow:1;--flex-shrink:0;}}@media(max-width:1024px) and (min-width:768px){.elementor-265 .elementor-element.elementor-element-285261d{width:100%;}.elementor-265 .elementor-element.elementor-element-ca3814b{--width:761.875px;}.elementor-265 .elementor-element.elementor-element-f6b2723{--width:740px;}}<\/style>\t\t<div data-elementor-type=\"wp-page\" data-elementor-id=\"265\" class=\"elementor elementor-265\">\n\t\t\t\t\t\t<section class=\"elementor-section elementor-top-section elementor-element elementor-element-7dce7f44 elementor-section-full_width elementor-section-height-default elementor-section-height-default\" data-id=\"7dce7f44\" data-element_type=\"section\" data-e-type=\"section\">\n\t\t\t\t\t\t\t<div class=\"elementor-background-overlay\"><\/div>\n\t\t\t\t\t\t\t<div class=\"elementor-container elementor-column-gap-default\">\n\t\t\t\t\t<div class=\"elementor-column elementor-col-100 elementor-top-column elementor-element elementor-element-285261d\" data-id=\"285261d\" data-element_type=\"column\" data-e-type=\"column\" data-settings=\"{&quot;background_background&quot;:&quot;slideshow&quot;,&quot;background_slideshow_gallery&quot;:[],&quot;background_slideshow_loop&quot;:&quot;yes&quot;,&quot;background_slideshow_slide_duration&quot;:5000,&quot;background_slideshow_slide_transition&quot;:&quot;fade&quot;,&quot;background_slideshow_transition_duration&quot;:500}\">\n\t\t\t<div class=\"elementor-widget-wrap elementor-element-populated\">\n\t\t\t\t<div class=\"elementor-element elementor-element-ca3814b e-con-full e-flex e-con e-parent\" data-id=\"ca3814b\" data-element_type=\"container\" data-e-type=\"container\">\n\t\t<div class=\"elementor-element elementor-element-f6b2723 e-con-full e-flex e-con e-child\" data-id=\"f6b2723\" data-element_type=\"container\" data-e-type=\"container\">\n\t\t\t\t<div class=\"elementor-element elementor-element-d89bdce elementor-widget-tablet__width-inherit elementor-widget-mobile__width-initial elementor-widget elementor-widget-text-editor\" data-id=\"d89bdce\" data-element_type=\"widget\" data-e-type=\"widget\" data-widget_type=\"text-editor.default\">\n\t\t\t\t<div class=\"elementor-widget-container\">\n\t\t\t\t\t\t\t\t\t<h4><strong>Tudi ti, h\u010di v zrelih letih,<\/strong><\/h4>\t\t\t\t\t\t\t\t<\/div>\n\t\t\t\t<\/div>\n\t\t\t\t<div class=\"elementor-element elementor-element-0241d70 elementor-widget-tablet__width-initial elementor-widget elementor-widget-text-editor\" data-id=\"0241d70\" data-element_type=\"widget\" data-e-type=\"widget\" data-widget_type=\"text-editor.default\">\n\t\t\t\t<div class=\"elementor-widget-container\">\n\t\t\t\t\t\t\t\t\t<h4>se lahko pove\u017ee\u0161 z mamo so\u010dutno in iskreno.<\/h4>\t\t\t\t\t\t\t\t<\/div>\n\t\t\t\t<\/div>\n\t\t\t\t<\/div>\n\t\t\t\t<\/div>\n\t\t\t\t\t<\/div>\n\t\t<\/div>\n\t\t\t\t\t<\/div>\n\t\t<\/section>\n\t\t\t\t<\/div>\n\t\t","protected":false},"excerpt":{"rendered":"<p>Tudi ti, h\u010di v zrelih letih, se lahko pove\u017ee\u0161 z mamo so\u010dutno in iskreno.<\/p>\n","protected":false},"author":1,"featured_media":0,"parent":0,"menu_order":0,"comment_status":"closed","ping_status":"closed","template":"elementor_header_footer","meta":{"_uag_custom_page_level_css":"","neve_meta_sidebar":"full-width","neve_meta_container":"default","neve_meta_enable_content_width":"on","neve_meta_content_width":100,"neve_meta_title_alignment":"","neve_meta_author_avatar":"","neve_post_elements_order":"","neve_meta_disable_header":"","neve_meta_disable_footer":"","neve_meta_disable_title":"on","_themeisle_gutenberg_block_has_review":false,"footnotes":""},"class_list":["post-265","page","type-page","status-publish","hentry"],"featured_image_src":"","featured_image_src_square":false,"rbea_author_info":{"display_name":"matijaosojnik","author_link":"https:\/\/ujeminasmeh.si\/?author=1"},"rbea_excerpt_info":"Tudi ti, h\u010di v zrelih letih, se lahko pove\u017ee\u0161 z mamo so\u010dutno in iskreno.","uagb_featured_image_src":{"full":false,"thumbnail":false,"medium":false,"medium_large":false,"large":false,"1536x1536":false,"2048x2048":false,"neve-blog":false,"woocommerce_thumbnail":false,"woocommerce_single":false,"woocommerce_gallery_thumbnail":false},"uagb_author_info":{"display_name":"matijaosojnik","author_link":"https:\/\/ujeminasmeh.si\/?author=1"},"uagb_comment_info":0,"uagb_excerpt":"Tudi ti, h\u010di v zrelih letih, se lahko pove\u017ee\u0161 z mamo so\u010dutno in iskreno.","_links":{"self":[{"href":"https:\/\/ujeminasmeh.si\/index.php?rest_route=\/wp\/v2\/pages\/265","targetHints":{"allow":["GET"]}}],"collection":[{"href":"https:\/\/ujeminasmeh.si\/index.php?rest_route=\/wp\/v2\/pages"}],"about":[{"href":"https:\/\/ujeminasmeh.si\/index.php?rest_route=\/wp\/v2\/types\/page"}],"author":[{"embeddable":true,"href":"https:\/\/ujeminasmeh.si\/index.php?rest_route=\/wp\/v2\/users\/1"}],"replies":[{"embeddable":true,"href":"https:\/\/ujeminasmeh.si\/index.php?rest_route=%2Fwp%2Fv2%2Fcomments&post=265"}],"version-history":[{"count":260,"href":"https:\/\/ujeminasmeh.si\/index.php?rest_route=\/wp\/v2\/pages\/265\/revisions"}],"predecessor-version":[{"id":5158,"href":"https:\/\/ujeminasmeh.si\/index.php?rest_route=\/wp\/v2\/pages\/265\/revisions\/5158"}],"wp:attachment":[{"href":"https:\/\/ujeminasmeh.si\/index.php?rest_route=%2Fwp%2Fv2%2Fmedia&parent=265"}],"curies":[{"name":"wp","href":"https:\/\/api.w.org\/{rel}","templated":true}]}}