{"id":3237,"date":"2025-06-01T10:59:55","date_gmt":"2025-06-01T08:59:55","guid":{"rendered":"https:\/\/ujeminasmeh.si\/?page_id=3237"},"modified":"2025-11-15T21:48:51","modified_gmt":"2025-11-15T20:48:51","slug":"vedno-bolj-razumem-mamo","status":"publish","type":"page","link":"https:\/\/ujeminasmeh.si\/?page_id=3237","title":{"rendered":"Vedno bolj razumem mamo"},"content":{"rendered":"<style>.elementor-widget-image .widget-image-caption{color:var( --e-global-color-text );}.elementor-3237 .elementor-element.elementor-element-22ebdc0{text-align:center;width:var( --container-widget-width, 100.534% );max-width:100.534%;--container-widget-width:100.534%;--container-widget-flex-grow:0;}.elementor-3237 .elementor-element.elementor-element-22ebdc0 img{width:100%;max-width:100%;}.elementor-widget-text-editor{color:var( --e-global-color-text );}.elementor-widget-text-editor.elementor-drop-cap-view-stacked .elementor-drop-cap{background-color:var( --e-global-color-primary );}.elementor-widget-text-editor.elementor-drop-cap-view-framed .elementor-drop-cap, .elementor-widget-text-editor.elementor-drop-cap-view-default .elementor-drop-cap{color:var( --e-global-color-primary );border-color:var( --e-global-color-primary );}.elementor-3237 .elementor-element.elementor-element-054b73c > .elementor-widget-container{margin:13px 0px 0px 0px;padding:16px 0px 0px 0px;}.elementor-widget-button .elementor-button{background-color:var( --e-global-color-accent );}.elementor-3237 .elementor-element.elementor-element-3f35702 .elementor-button{text-shadow:0px 0px 10px rgba(0,0,0,0.3);fill:#141414;color:#141414;background-color:#F7F7BA;box-shadow:0px 0px 10px 0px rgba(0,0,0,0.5);border-style:solid;border-width:1px 1px 1px 1px;border-color:#E4E4E4;}.elementor-widget-divider{--divider-color:var( --e-global-color-secondary );}.elementor-widget-divider .elementor-divider__text{color:var( --e-global-color-secondary );}.elementor-widget-divider.elementor-view-stacked .elementor-icon{background-color:var( --e-global-color-secondary );}.elementor-widget-divider.elementor-view-framed .elementor-icon, .elementor-widget-divider.elementor-view-default .elementor-icon{color:var( --e-global-color-secondary );border-color:var( --e-global-color-secondary );}.elementor-widget-divider.elementor-view-framed .elementor-icon, .elementor-widget-divider.elementor-view-default .elementor-icon svg{fill:var( --e-global-color-secondary );}.elementor-3237 .elementor-element.elementor-element-640809c{--divider-border-style:solid;--divider-color:#F3F3F3;--divider-border-width:1px;}.elementor-3237 .elementor-element.elementor-element-640809c .elementor-divider-separator{width:100%;}.elementor-3237 .elementor-element.elementor-element-640809c .elementor-divider{padding-block-start:15px;padding-block-end:15px;}.elementor-widget-heading .elementor-heading-title{color:var( --e-global-color-primary );}.elementor-3237 .elementor-element.elementor-element-f7c06d6 .elementor-heading-title{font-family:\"Roboto\", Sans-serif;font-weight:600;text-transform:none;color:#000000;}.elementor-3237 .elementor-element.elementor-element-07fe8df{color:#303030;}.elementor-3237 .elementor-element.elementor-element-c55428f{color:#303030;}.elementor-3237 .elementor-element.elementor-element-3172141{color:#303030;}.elementor-3237 .elementor-element.elementor-element-5dfef7d{text-align:start;width:var( --container-widget-width, 101.111% );max-width:101.111%;--container-widget-width:101.111%;--container-widget-flex-grow:0;}.elementor-3237 .elementor-element.elementor-element-5dfef7d img{width:100%;max-width:100%;height:357px;}.elementor-3237 .elementor-element.elementor-element-f9549e6 .elementor-heading-title{font-family:\"Roboto\", Sans-serif;font-weight:600;text-transform:none;color:#000000;}.elementor-3237 .elementor-element.elementor-element-650ced6{text-align:center;color:#303030;}.elementor-3237 .elementor-element.elementor-element-650ced6 p{margin-block-end:0px;}.elementor-3237 .elementor-element.elementor-element-4278384 .elementor-button{text-shadow:0px 0px 10px rgba(0,0,0,0.3);fill:#141414;color:#141414;background-color:#F7F7BA;box-shadow:0px 0px 10px 0px rgba(0,0,0,0.5);border-style:solid;border-width:1px 1px 1px 1px;border-color:#E4E4E4;}.elementor-3237 .elementor-element.elementor-element-4278384 > .elementor-widget-container{margin:11px 0px 0px 0px;padding:12px 12px 12px 12px;}.elementor-3237 .elementor-element.elementor-element-50d1133 .elementor-heading-title{color:#222222;}.elementor-3237 .elementor-element.elementor-element-c600b7d{text-align:start;color:#303030;}.elementor-3237 .elementor-element.elementor-element-33287e5{text-align:center;}.elementor-3237 .elementor-element.elementor-element-33287e5 img{width:46%;height:313px;}.elementor-3237 .elementor-element.elementor-element-33287e5 > .elementor-widget-container{padding:0px 0px 0px 0px;}.elementor-3237 .elementor-element.elementor-element-9c4db58 .elementor-button{text-shadow:0px 0px 10px rgba(0,0,0,0.3);fill:#141414;color:#141414;background-color:#F7F7BA;box-shadow:0px 0px 10px 0px rgba(0,0,0,0.5);border-style:solid;border-width:1px 1px 1px 1px;border-color:#E4E4E4;}:root{--page-title-display:none;}<\/style>\t\t<div data-elementor-type=\"wp-page\" data-elementor-id=\"3237\" class=\"elementor elementor-3237\">\n\t\t\t\t\t\t<section class=\"elementor-section elementor-top-section elementor-element elementor-element-dbe8dc2 elementor-section-full_width elementor-section-height-default elementor-section-height-default\" data-id=\"dbe8dc2\" data-element_type=\"section\" data-e-type=\"section\">\n\t\t\t\t\t\t<div class=\"elementor-container elementor-column-gap-default\">\n\t\t\t\t\t<div class=\"elementor-column elementor-col-100 elementor-top-column elementor-element elementor-element-2190eab\" data-id=\"2190eab\" data-element_type=\"column\" data-e-type=\"column\">\n\t\t\t<div class=\"elementor-widget-wrap elementor-element-populated\">\n\t\t\t\t\t\t<div class=\"elementor-element elementor-element-22ebdc0 elementor-widget__width-initial elementor-widget elementor-widget-image\" data-id=\"22ebdc0\" data-element_type=\"widget\" data-e-type=\"widget\" data-widget_type=\"image.default\">\n\t\t\t\t<div class=\"elementor-widget-container\">\n\t\t\t\t\t\t\t\t\t\t\t\t\t\t\t<img fetchpriority=\"high\" decoding=\"async\" width=\"2500\" height=\"1500\" src=\"https:\/\/ujeminasmeh.si\/wp-content\/uploads\/2025\/06\/bojana_freebe_2.jpg\" class=\"attachment-full size-full wp-image-3281\" alt=\"\" srcset=\"https:\/\/ujeminasmeh.si\/wp-content\/uploads\/2025\/06\/bojana_freebe_2.jpg 2500w, https:\/\/ujeminasmeh.si\/wp-content\/uploads\/2025\/06\/bojana_freebe_2-1024x614.jpg 1024w, https:\/\/ujeminasmeh.si\/wp-content\/uploads\/2025\/06\/bojana_freebe_2-300x180.jpg 300w, https:\/\/ujeminasmeh.si\/wp-content\/uploads\/2025\/06\/bojana_freebe_2-768x461.jpg 768w, https:\/\/ujeminasmeh.si\/wp-content\/uploads\/2025\/06\/bojana_freebe_2-1536x922.jpg 1536w, https:\/\/ujeminasmeh.si\/wp-content\/uploads\/2025\/06\/bojana_freebe_2-2048x1229.jpg 2048w\" sizes=\"(max-width: 2500px) 100vw, 2500px\" \/>\t\t\t\t\t\t\t\t\t\t\t\t\t\t\t<\/div>\n\t\t\t\t<\/div>\n\t\t\t\t<div class=\"elementor-element elementor-element-054b73c elementor-widget elementor-widget-text-editor\" data-id=\"054b73c\" data-element_type=\"widget\" data-e-type=\"widget\" data-widget_type=\"text-editor.default\">\n\t\t\t\t<div class=\"elementor-widget-container\">\n\t\t\t\t\t\t\t\t\t<p class=\"p1\" style=\"text-align: center;\"><b>Nalo\u017ei si brezpla\u010den e-vodnik, kjer te skozi 4 ne\u017ene in prakti\u010dne korake vodim in nau\u010dim, kako se povezati z mamo, ki je v obdobju staranja, na bolj mehek in miren na\u010din.<\/b><b>\u00a0TAKOJ.<\/b><\/p>\t\t\t\t\t\t\t\t<\/div>\n\t\t\t\t<\/div>\n\t\t\t\t<div class=\"elementor-element elementor-element-3f35702 elementor-align-center elementor-widget elementor-widget-button\" data-id=\"3f35702\" data-element_type=\"widget\" data-e-type=\"widget\" data-widget_type=\"button.default\">\n\t\t\t\t<div class=\"elementor-widget-container\">\n\t\t\t\t\t\t\t\t\t<div class=\"elementor-button-wrapper\">\n\t\t\t\t\t<a class=\"elementor-button elementor-button-link elementor-size-md\" href=\"https:\/\/mailchi.mp\/ujeminasmeh.si\/freebe_vedno_bolj_razumem_mamo\" target=\"_blank\">\n\t\t\t\t\t\t<span class=\"elementor-button-content-wrapper\">\n\t\t\t\t\t\t\t\t\t<span class=\"elementor-button-text\">JA, \u017eelim vodnik<\/span>\n\t\t\t\t\t<\/span>\n\t\t\t\t\t<\/a>\n\t\t\t\t<\/div>\n\t\t\t\t\t\t\t\t<\/div>\n\t\t\t\t<\/div>\n\t\t\t\t\t<\/div>\n\t\t<\/div>\n\t\t\t\t\t<\/div>\n\t\t<\/section>\n\t\t\t\t<section class=\"elementor-section elementor-top-section elementor-element elementor-element-a0fab73 elementor-section-boxed elementor-section-height-default elementor-section-height-default\" data-id=\"a0fab73\" data-element_type=\"section\" data-e-type=\"section\">\n\t\t\t\t\t\t<div class=\"elementor-container elementor-column-gap-default\">\n\t\t\t\t\t<div class=\"elementor-column elementor-col-100 elementor-top-column elementor-element elementor-element-04b6ec7\" data-id=\"04b6ec7\" data-element_type=\"column\" data-e-type=\"column\">\n\t\t\t<div class=\"elementor-widget-wrap elementor-element-populated\">\n\t\t\t\t\t\t<div class=\"elementor-element elementor-element-640809c elementor-widget-divider--view-line elementor-widget elementor-widget-divider\" data-id=\"640809c\" data-element_type=\"widget\" data-e-type=\"widget\" data-widget_type=\"divider.default\">\n\t\t\t\t<div class=\"elementor-widget-container\">\n\t\t\t\t\t\t\t<div class=\"elementor-divider\">\n\t\t\t<span class=\"elementor-divider-separator\">\n\t\t\t\t\t\t<\/span>\n\t\t<\/div>\n\t\t\t\t\t\t<\/div>\n\t\t\t\t<\/div>\n\t\t\t\t\t<\/div>\n\t\t<\/div>\n\t\t\t\t\t<\/div>\n\t\t<\/section>\n\t\t\t\t<section class=\"elementor-section elementor-top-section elementor-element elementor-element-cbe4d04 elementor-section-boxed elementor-section-height-default elementor-section-height-default\" data-id=\"cbe4d04\" data-element_type=\"section\" data-e-type=\"section\">\n\t\t\t\t\t\t<div class=\"elementor-container elementor-column-gap-default\">\n\t\t\t\t\t<div class=\"elementor-column elementor-col-100 elementor-top-column elementor-element elementor-element-a337376\" data-id=\"a337376\" data-element_type=\"column\" data-e-type=\"column\">\n\t\t\t<div class=\"elementor-widget-wrap elementor-element-populated\">\n\t\t\t\t\t\t<div class=\"elementor-element elementor-element-f7c06d6 elementor-widget elementor-widget-heading\" data-id=\"f7c06d6\" data-element_type=\"widget\" data-e-type=\"widget\" data-widget_type=\"heading.default\">\n\t\t\t\t<div class=\"elementor-widget-container\">\n\t\t\t\t\t<h2 class=\"elementor-heading-title elementor-size-default\">Kaj ti bo vodnik prinesel?<\/h2>\t\t\t\t<\/div>\n\t\t\t\t<\/div>\n\t\t\t\t<div class=\"elementor-element elementor-element-07fe8df elementor-widget elementor-widget-text-editor\" data-id=\"07fe8df\" data-element_type=\"widget\" data-e-type=\"widget\" data-widget_type=\"text-editor.default\">\n\t\t\t\t<div class=\"elementor-widget-container\">\n\t\t\t\t\t\t\t\t\t<ul><li><strong>Manj napetosti in bolj spro\u0161\u010deni pogovori z mamo.<\/strong><\/li><\/ul><p>Ko bo\u0161 razumela, zakaj je mama v\u010dasih taka, kot je &#8211; brez da te to vsaki\u010d zaboli.<\/p>\t\t\t\t\t\t\t\t<\/div>\n\t\t\t\t<\/div>\n\t\t\t\t<div class=\"elementor-element elementor-element-c55428f elementor-widget elementor-widget-text-editor\" data-id=\"c55428f\" data-element_type=\"widget\" data-e-type=\"widget\" data-widget_type=\"text-editor.default\">\n\t\t\t\t<div class=\"elementor-widget-container\">\n\t\t\t\t\t\t\t\t\t<ul><li><strong>Bolj\u0161i ob\u010dutek, ko gre\u0161 od mame ali ko odlo\u017ei\u0161 telefon.<\/strong><\/li><\/ul><p>Ko bo\u0161 vedela, da si bila so\u010dutna in razumevajo\u010da do sebe in mame, kolikor zna\u0161 in zmore\u0161.<\/p>\t\t\t\t\t\t\t\t<\/div>\n\t\t\t\t<\/div>\n\t\t\t\t<div class=\"elementor-element elementor-element-3172141 elementor-widget elementor-widget-text-editor\" data-id=\"3172141\" data-element_type=\"widget\" data-e-type=\"widget\" data-widget_type=\"text-editor.default\">\n\t\t\t\t<div class=\"elementor-widget-container\">\n\t\t\t\t\t\t\t\t\t<ul><li><strong>Manj ob\u010dutka krivde, ko se ti zdi, da nisi dovolj dobra h\u010di.<\/strong><\/li><\/ul><p>Ko bo\u0161 v sebi \u010dutila: <em>&#8220;Dajem tisto, kar lahko. In to je dovolj.&#8221;<\/em><\/p>\t\t\t\t\t\t\t\t<\/div>\n\t\t\t\t<\/div>\n\t\t\t\t\t<\/div>\n\t\t<\/div>\n\t\t\t\t\t<\/div>\n\t\t<\/section>\n\t\t\t\t<section class=\"elementor-section elementor-top-section elementor-element elementor-element-adb4445 elementor-section-boxed elementor-section-height-default elementor-section-height-default\" data-id=\"adb4445\" data-element_type=\"section\" data-e-type=\"section\">\n\t\t\t\t\t\t<div class=\"elementor-container elementor-column-gap-default\">\n\t\t\t\t\t<div class=\"elementor-column elementor-col-100 elementor-top-column elementor-element elementor-element-d4f232e\" data-id=\"d4f232e\" data-element_type=\"column\" data-e-type=\"column\">\n\t\t\t<div class=\"elementor-widget-wrap elementor-element-populated\">\n\t\t\t\t\t\t<section class=\"elementor-section elementor-inner-section elementor-element elementor-element-4f4bb66 elementor-section-boxed elementor-section-height-default elementor-section-height-default\" data-id=\"4f4bb66\" data-element_type=\"section\" data-e-type=\"section\">\n\t\t\t\t\t\t<div class=\"elementor-container elementor-column-gap-default\">\n\t\t\t\t\t<div class=\"elementor-column elementor-col-50 elementor-inner-column elementor-element elementor-element-a7ebf72\" data-id=\"a7ebf72\" data-element_type=\"column\" data-e-type=\"column\">\n\t\t\t<div class=\"elementor-widget-wrap elementor-element-populated\">\n\t\t\t\t\t\t<div class=\"elementor-element elementor-element-5dfef7d elementor-widget__width-initial elementor-widget elementor-widget-image\" data-id=\"5dfef7d\" data-element_type=\"widget\" data-e-type=\"widget\" data-widget_type=\"image.default\">\n\t\t\t\t<div class=\"elementor-widget-container\">\n\t\t\t\t\t\t\t\t\t\t\t\t\t\t\t<img decoding=\"async\" width=\"2048\" height=\"1536\" src=\"https:\/\/ujeminasmeh.si\/wp-content\/uploads\/2025\/05\/IMG_5336-2048x1536.jpg\" class=\"attachment-2048x2048 size-2048x2048 wp-image-3264\" alt=\"\" srcset=\"https:\/\/ujeminasmeh.si\/wp-content\/uploads\/2025\/05\/IMG_5336-2048x1536.jpg 2048w, https:\/\/ujeminasmeh.si\/wp-content\/uploads\/2025\/05\/IMG_5336-1024x768.jpg 1024w, https:\/\/ujeminasmeh.si\/wp-content\/uploads\/2025\/05\/IMG_5336-300x225.jpg 300w, https:\/\/ujeminasmeh.si\/wp-content\/uploads\/2025\/05\/IMG_5336-768x576.jpg 768w, https:\/\/ujeminasmeh.si\/wp-content\/uploads\/2025\/05\/IMG_5336-1536x1152.jpg 1536w\" sizes=\"(max-width: 2048px) 100vw, 2048px\" \/>\t\t\t\t\t\t\t\t\t\t\t\t\t\t\t<\/div>\n\t\t\t\t<\/div>\n\t\t\t\t\t<\/div>\n\t\t<\/div>\n\t\t\t\t<div class=\"elementor-column elementor-col-50 elementor-inner-column elementor-element elementor-element-7c56155\" data-id=\"7c56155\" data-element_type=\"column\" data-e-type=\"column\">\n\t\t\t<div class=\"elementor-widget-wrap elementor-element-populated\">\n\t\t\t\t\t\t<div class=\"elementor-element elementor-element-f9549e6 elementor-widget elementor-widget-heading\" data-id=\"f9549e6\" data-element_type=\"widget\" data-e-type=\"widget\" data-widget_type=\"heading.default\">\n\t\t\t\t<div class=\"elementor-widget-container\">\n\t\t\t\t\t<h2 class=\"elementor-heading-title elementor-size-default\">Kako ti bo ta vodnik  konretno pomagal?\n<\/h2>\t\t\t\t<\/div>\n\t\t\t\t<\/div>\n\t\t\t\t<div class=\"elementor-element elementor-element-650ced6 elementor-widget elementor-widget-text-editor\" data-id=\"650ced6\" data-element_type=\"widget\" data-e-type=\"widget\" data-widget_type=\"text-editor.default\">\n\t\t\t\t<div class=\"elementor-widget-container\">\n\t\t\t\t\t\t\t\t\t<ul><li style=\"text-align: left;\"><strong>La\u017eje bo\u0161 ostala mirna, ko mama re\u010de nekaj, kar te zaboli \u2013 brez da izgubi\u0161 stik s sabo.<\/strong>\u00a0<\/li><\/ul><ul><li style=\"text-align: left;\"><strong>Znala bo\u0161 postavljati\u00a0 mejo z ne\u017enostjo \u2013 brez krivde ali strahu, da mamo prizadene\u0161.<\/strong>\u00a0<\/li><\/ul><ul><li style=\"text-align: left;\"><strong>Za\u010dutila bo\u0161, da pripada\u0161 \u2013 da si del maminega srca, tudi \u010de ti tega dolgo ni pokazala.<\/strong><\/li><\/ul>\t\t\t\t\t\t\t\t<\/div>\n\t\t\t\t<\/div>\n\t\t\t\t\t<\/div>\n\t\t<\/div>\n\t\t\t\t\t<\/div>\n\t\t<\/section>\n\t\t\t\t<div class=\"elementor-element elementor-element-4278384 elementor-align-center elementor-widget elementor-widget-button\" data-id=\"4278384\" data-element_type=\"widget\" data-e-type=\"widget\" data-widget_type=\"button.default\">\n\t\t\t\t<div class=\"elementor-widget-container\">\n\t\t\t\t\t\t\t\t\t<div class=\"elementor-button-wrapper\">\n\t\t\t\t\t<a class=\"elementor-button elementor-button-link elementor-size-md\" href=\"https:\/\/mailchi.mp\/ujeminasmeh.si\/freebe_vedno_bolj_razumem_mamo\">\n\t\t\t\t\t\t<span class=\"elementor-button-content-wrapper\">\n\t\t\t\t\t\t\t\t\t<span class=\"elementor-button-text\">JA, \u017eelim vodnik<\/span>\n\t\t\t\t\t<\/span>\n\t\t\t\t\t<\/a>\n\t\t\t\t<\/div>\n\t\t\t\t\t\t\t\t<\/div>\n\t\t\t\t<\/div>\n\t\t\t\t<section class=\"elementor-section elementor-inner-section elementor-element elementor-element-8fd34de elementor-section-boxed elementor-section-height-default elementor-section-height-default\" data-id=\"8fd34de\" data-element_type=\"section\" data-e-type=\"section\">\n\t\t\t\t\t\t<div class=\"elementor-container elementor-column-gap-default\">\n\t\t\t\t\t<div class=\"elementor-column elementor-col-50 elementor-inner-column elementor-element elementor-element-2772fec\" data-id=\"2772fec\" data-element_type=\"column\" data-e-type=\"column\">\n\t\t\t<div class=\"elementor-widget-wrap elementor-element-populated\">\n\t\t\t\t\t\t<div class=\"elementor-element elementor-element-50d1133 elementor-widget elementor-widget-heading\" data-id=\"50d1133\" data-element_type=\"widget\" data-e-type=\"widget\" data-widget_type=\"heading.default\">\n\t\t\t\t<div class=\"elementor-widget-container\">\n\t\t\t\t\t<h2 class=\"elementor-heading-title elementor-size-default\">Nekaj besed o meni<\/h2>\t\t\t\t<\/div>\n\t\t\t\t<\/div>\n\t\t\t\t<div class=\"elementor-element elementor-element-c600b7d elementor-widget elementor-widget-text-editor\" data-id=\"c600b7d\" data-element_type=\"widget\" data-e-type=\"widget\" data-widget_type=\"text-editor.default\">\n\t\t\t\t<div class=\"elementor-widget-container\">\n\t\t\t\t\t\t\t\t\t<p class=\"p1\">Moje ime je Bojana. Verjamem v mo\u010d sr\u010dne in iskrene komunikacije, \u0161e posebej takrat, ko jo za\u010dinimo z lahkotnostjo in igrivostjo.<\/p><p class=\"p1\">Vsi sr\u010dni programi so edinstven preplet <strong>moje izku\u0161nje z mamo v obdobju njenega stranja,<\/strong> zanimivih in druga\u010dnih pogledov ter znanja s podro\u010dja osebnostne rasti in komunikacije, ki ga z veliko radovednostjo nenehno izpopolnjujem.\u00a0<\/p><p class=\"p1\"><strong>Danes u\u010dim, podpiram, navdihujem\u00a0 h\u010dere v zrelih letih<\/strong>, kako do ve\u010d razumevanja in iskrene povezanosti s seboj in z mamo, ki je v obdobju staranja.<\/p><p class=\"p1\">\u00a0<\/p>\t\t\t\t\t\t\t\t<\/div>\n\t\t\t\t<\/div>\n\t\t\t\t\t<\/div>\n\t\t<\/div>\n\t\t\t\t<div class=\"elementor-column elementor-col-50 elementor-inner-column elementor-element elementor-element-dac2de0\" data-id=\"dac2de0\" data-element_type=\"column\" data-e-type=\"column\">\n\t\t\t<div class=\"elementor-widget-wrap elementor-element-populated\">\n\t\t\t\t\t\t<div class=\"elementor-element elementor-element-33287e5 elementor-widget elementor-widget-image\" data-id=\"33287e5\" data-element_type=\"widget\" data-e-type=\"widget\" data-widget_type=\"image.default\">\n\t\t\t\t<div class=\"elementor-widget-container\">\n\t\t\t\t\t\t\t\t\t\t\t\t\t\t\t<img decoding=\"async\" width=\"746\" height=\"1024\" src=\"https:\/\/ujeminasmeh.si\/wp-content\/uploads\/2024\/05\/mala-1-746x1024.jpg\" class=\"attachment-large size-large wp-image-2714\" alt=\"\" srcset=\"https:\/\/ujeminasmeh.si\/wp-content\/uploads\/2024\/05\/mala-1-746x1024.jpg 746w, https:\/\/ujeminasmeh.si\/wp-content\/uploads\/2024\/05\/mala-1-1024x1406.jpg 1024w, https:\/\/ujeminasmeh.si\/wp-content\/uploads\/2024\/05\/mala-1-219x300.jpg 219w, https:\/\/ujeminasmeh.si\/wp-content\/uploads\/2024\/05\/mala-1-768x1054.jpg 768w, https:\/\/ujeminasmeh.si\/wp-content\/uploads\/2024\/05\/mala-1-1119x1536.jpg 1119w, https:\/\/ujeminasmeh.si\/wp-content\/uploads\/2024\/05\/mala-1-1492x2048.jpg 1492w, https:\/\/ujeminasmeh.si\/wp-content\/uploads\/2024\/05\/mala-1.jpg 1615w\" sizes=\"(max-width: 746px) 100vw, 746px\" \/>\t\t\t\t\t\t\t\t\t\t\t\t\t\t\t<\/div>\n\t\t\t\t<\/div>\n\t\t\t\t\t<\/div>\n\t\t<\/div>\n\t\t\t\t\t<\/div>\n\t\t<\/section>\n\t\t\t\t<section class=\"elementor-section elementor-inner-section elementor-element elementor-element-c1a58c8 elementor-section-boxed elementor-section-height-default elementor-section-height-default\" data-id=\"c1a58c8\" data-element_type=\"section\" data-e-type=\"section\">\n\t\t\t\t\t\t<div class=\"elementor-container elementor-column-gap-default\">\n\t\t\t\t\t<div class=\"elementor-column elementor-col-100 elementor-inner-column elementor-element elementor-element-b2a3ef8\" data-id=\"b2a3ef8\" data-element_type=\"column\" data-e-type=\"column\">\n\t\t\t<div class=\"elementor-widget-wrap elementor-element-populated\">\n\t\t\t\t\t\t<div class=\"elementor-element elementor-element-9c4db58 elementor-align-center elementor-widget elementor-widget-button\" data-id=\"9c4db58\" data-element_type=\"widget\" data-e-type=\"widget\" data-widget_type=\"button.default\">\n\t\t\t\t<div class=\"elementor-widget-container\">\n\t\t\t\t\t\t\t\t\t<div class=\"elementor-button-wrapper\">\n\t\t\t\t\t<a class=\"elementor-button elementor-button-link elementor-size-md\" href=\"https:\/\/mailchi.mp\/ujeminasmeh.si\/freebe_vedno_bolj_razumem_mamo\">\n\t\t\t\t\t\t<span class=\"elementor-button-content-wrapper\">\n\t\t\t\t\t\t\t\t\t<span class=\"elementor-button-text\">JA, \u017eelim vodnik<\/span>\n\t\t\t\t\t<\/span>\n\t\t\t\t\t<\/a>\n\t\t\t\t<\/div>\n\t\t\t\t\t\t\t\t<\/div>\n\t\t\t\t<\/div>\n\t\t\t\t\t<\/div>\n\t\t<\/div>\n\t\t\t\t\t<\/div>\n\t\t<\/section>\n\t\t\t\t\t<\/div>\n\t\t<\/div>\n\t\t\t\t\t<\/div>\n\t\t<\/section>\n\t\t\t\t<\/div>\n\t\t","protected":false},"excerpt":{"rendered":"<p>Nalo\u017ei si brezpla\u010den e-vodnik, kjer te skozi 4 ne\u017ene in prakti\u010dne korake vodim in nau\u010dim, kako se povezati z mamo, ki je v obdobju staranja, na bolj mehek in miren na\u010din.\u00a0TAKOJ. JA, \u017eelim vodnik Kaj ti bo vodnik prinesel? Manj napetosti in bolj spro\u0161\u010deni pogovori z mamo. Ko bo\u0161 razumela, zakaj je mama v\u010dasih taka,&hellip;&nbsp;<a href=\"https:\/\/ujeminasmeh.si\/?page_id=3237\" rel=\"bookmark\">Preberi ve\u010d &raquo;<span class=\"screen-reader-text\">Vedno bolj razumem mamo<\/span><\/a><\/p>\n","protected":false},"author":2,"featured_media":0,"parent":0,"menu_order":0,"comment_status":"closed","ping_status":"closed","template":"elementor_header_footer","meta":{"_uag_custom_page_level_css":"","neve_meta_sidebar":"","neve_meta_container":"","neve_meta_enable_content_width":"","neve_meta_content_width":0,"neve_meta_title_alignment":"","neve_meta_author_avatar":"","neve_post_elements_order":"","neve_meta_disable_header":"","neve_meta_disable_footer":"","neve_meta_disable_title":"","_themeisle_gutenberg_block_has_review":false,"footnotes":""},"class_list":["post-3237","page","type-page","status-publish","hentry"],"featured_image_src":"","featured_image_src_square":false,"rbea_author_info":{"display_name":"bojanajug","author_link":"https:\/\/ujeminasmeh.si\/?author=2"},"rbea_excerpt_info":"Nalo\u017ei si brezpla\u010den e-vodnik, kjer te skozi 4 ne\u017ene in prakti\u010dne korake vodim in nau\u010dim, kako se povezati z mamo, ki je v obdobju staranja, na bolj mehek in miren na\u010din.\u00a0TAKOJ. JA, \u017eelim vodnik Kaj ti bo vodnik prinesel? Manj napetosti in bolj spro\u0161\u010deni pogovori z mamo. Ko bo\u0161 razumela, zakaj je mama v\u010dasih taka,&hellip;&nbsp;<a href=\"https:\/\/ujeminasmeh.si\/?page_id=3237\" rel=\"bookmark\">Preberi ve\u010d &raquo;<span class=\"screen-reader-text\">Vedno bolj razumem mamo<\/span><\/a>","uagb_featured_image_src":{"full":false,"thumbnail":false,"medium":false,"medium_large":false,"large":false,"1536x1536":false,"2048x2048":false,"neve-blog":false,"woocommerce_thumbnail":false,"woocommerce_single":false,"woocommerce_gallery_thumbnail":false},"uagb_author_info":{"display_name":"bojanajug","author_link":"https:\/\/ujeminasmeh.si\/?author=2"},"uagb_comment_info":0,"uagb_excerpt":"Nalo\u017ei si brezpla\u010den e-vodnik, kjer te skozi 4 ne\u017ene in prakti\u010dne korake vodim in nau\u010dim, kako se povezati z mamo, ki je v obdobju staranja, na bolj mehek in miren na\u010din.\u00a0TAKOJ. JA, \u017eelim vodnik Kaj ti bo vodnik prinesel? Manj napetosti in bolj spro\u0161\u010deni pogovori z mamo. Ko bo\u0161 razumela, zakaj je mama v\u010dasih taka,&hellip;&nbsp;Preberi&hellip;","_links":{"self":[{"href":"https:\/\/ujeminasmeh.si\/index.php?rest_route=\/wp\/v2\/pages\/3237","targetHints":{"allow":["GET"]}}],"collection":[{"href":"https:\/\/ujeminasmeh.si\/index.php?rest_route=\/wp\/v2\/pages"}],"about":[{"href":"https:\/\/ujeminasmeh.si\/index.php?rest_route=\/wp\/v2\/types\/page"}],"author":[{"embeddable":true,"href":"https:\/\/ujeminasmeh.si\/index.php?rest_route=\/wp\/v2\/users\/2"}],"replies":[{"embeddable":true,"href":"https:\/\/ujeminasmeh.si\/index.php?rest_route=%2Fwp%2Fv2%2Fcomments&post=3237"}],"version-history":[{"count":61,"href":"https:\/\/ujeminasmeh.si\/index.php?rest_route=\/wp\/v2\/pages\/3237\/revisions"}],"predecessor-version":[{"id":5443,"href":"https:\/\/ujeminasmeh.si\/index.php?rest_route=\/wp\/v2\/pages\/3237\/revisions\/5443"}],"wp:attachment":[{"href":"https:\/\/ujeminasmeh.si\/index.php?rest_route=%2Fwp%2Fv2%2Fmedia&parent=3237"}],"curies":[{"name":"wp","href":"https:\/\/api.w.org\/{rel}","templated":true}]}}