{"id":1857,"date":"2021-10-24T23:08:51","date_gmt":"2021-10-24T21:08:51","guid":{"rendered":"https:\/\/izotim.si\/?post_type=product&#038;p=1857"},"modified":"2025-11-07T21:25:25","modified_gmt":"2025-11-07T20:25:25","slug":"personalizirana-lesena-tablica-lepo-mi-je-s-teboj-kopija-2","status":"publish","type":"product","link":"https:\/\/ujeminasmeh.si\/?product=personalizirana-lesena-tablica-lepo-mi-je-s-teboj-kopija-2","title":{"rendered":"Personalizirana lesena tablica \u00abLepo mi je s teboj\u00bb"},"content":{"rendered":"","protected":false},"excerpt":{"rendered":"<p>Je personalizirana lesena tablica, ki je unikatno, edinstveno, osebno darilo in \u010dudovit dekor v prostoru. O\u010dara nas kombinacija lesa in izbranih, lepih besed. V nas vzbudi lepe in prijetne ob\u010dutke.<\/p>\n<p>Narejeno v Sloveniji. Izdelek je v celoti zasnovan in izdelan v Izotimu, z ljubeznijo, prijazen okolju s trajnostnim zna\u010dajem, sestavljen iz vezane plo\u0161\u010de in vrvice.<\/p>\n<p>Izdelek ni primeren za stik z vodo. Les je naravni material, zato je vsak izdelek unikaten.<\/p>\n","protected":false},"featured_media":1187,"comment_status":"open","ping_status":"closed","template":"","meta":{"_uag_custom_page_level_css":"","neve_meta_sidebar":"","neve_meta_container":"","neve_meta_enable_content_width":"off","neve_meta_content_width":100,"neve_meta_title_alignment":"","neve_meta_author_avatar":"","neve_post_elements_order":"","neve_meta_disable_header":"","neve_meta_disable_footer":"","neve_meta_disable_title":"","_themeisle_gutenberg_block_has_review":false},"product_brand":[],"product_cat":[128,74,82,131],"product_tag":[119,96,118,112],"class_list":{"0":"post-1857","1":"product","2":"type-product","3":"status-publish","4":"has-post-thumbnail","6":"product_cat-darila","7":"product_cat-lesene-tablice","8":"product_cat-personalizirano","9":"product_cat-za-tvojo-babi-in-dedka","10":"product_tag-lepo-mi-je-s-teboj","11":"product_tag-lesena-tablica","12":"product_tag-lesena-tablica-lepo-mi-je-s-teboj","13":"product_tag-personalizirano","15":"first","16":"instock","17":"shipping-taxable","18":"purchasable","19":"product-type-variable"},"uagb_featured_image_src":{"full":["https:\/\/ujeminasmeh.si\/wp-content\/uploads\/2021\/08\/IMG_4221-1-scaled.jpg",2560,1920,false],"thumbnail":["https:\/\/ujeminasmeh.si\/wp-content\/uploads\/2021\/08\/IMG_4221-1-150x150.jpg",150,150,true],"medium":["https:\/\/ujeminasmeh.si\/wp-content\/uploads\/2021\/08\/IMG_4221-1-300x225.jpg",300,225,true],"medium_large":["https:\/\/ujeminasmeh.si\/wp-content\/uploads\/2021\/08\/IMG_4221-1-768x576.jpg",768,576,true],"large":["https:\/\/ujeminasmeh.si\/wp-content\/uploads\/2021\/08\/IMG_4221-1-1024x768.jpg",1024,768,true],"1536x1536":["https:\/\/ujeminasmeh.si\/wp-content\/uploads\/2021\/08\/IMG_4221-1-1536x1152.jpg",1536,1152,true],"2048x2048":["https:\/\/ujeminasmeh.si\/wp-content\/uploads\/2021\/08\/IMG_4221-1-2048x1536.jpg",2048,1536,true],"neve-blog":["https:\/\/ujeminasmeh.si\/wp-content\/uploads\/2021\/08\/IMG_4221-1-scaled.jpg",827,620,false],"woocommerce_thumbnail":["https:\/\/ujeminasmeh.si\/wp-content\/uploads\/2021\/08\/IMG_4221-1-scaled-1025x1025.jpg",1025,1025,true],"woocommerce_single":["https:\/\/ujeminasmeh.si\/wp-content\/uploads\/2021\/08\/IMG_4221-1-1024x768.jpg",1024,768,true],"woocommerce_gallery_thumbnail":["https:\/\/ujeminasmeh.si\/wp-content\/uploads\/2021\/08\/IMG_4221-1-scaled-100x100.jpg",100,100,true]},"uagb_author_info":{"display_name":"bojanajug","author_link":"https:\/\/ujeminasmeh.si\/?author=0"},"uagb_comment_info":0,"uagb_excerpt":"Je personalizirana lesena tablica, ki je unikatno, edinstveno, osebno darilo in \u010dudovit dekor v prostoru. O\u010dara nas kombinacija lesa in izbranih, lepih besed. V nas vzbudi lepe in prijetne ob\u010dutke. Narejeno v Sloveniji. Izdelek je v celoti zasnovan in izdelan v Izotimu, z ljubeznijo, prijazen okolju s trajnostnim zna\u010dajem, sestavljen iz vezane plo\u0161\u010de in vrvice.&hellip;","_links":{"self":[{"href":"https:\/\/ujeminasmeh.si\/index.php?rest_route=\/wp\/v2\/product\/1857","targetHints":{"allow":["GET"]}}],"collection":[{"href":"https:\/\/ujeminasmeh.si\/index.php?rest_route=\/wp\/v2\/product"}],"about":[{"href":"https:\/\/ujeminasmeh.si\/index.php?rest_route=\/wp\/v2\/types\/product"}],"replies":[{"embeddable":true,"href":"https:\/\/ujeminasmeh.si\/index.php?rest_route=%2Fwp%2Fv2%2Fcomments&post=1857"}],"version-history":[{"count":0,"href":"https:\/\/ujeminasmeh.si\/index.php?rest_route=\/wp\/v2\/product\/1857\/revisions"}],"wp:featuredmedia":[{"embeddable":true,"href":"https:\/\/ujeminasmeh.si\/index.php?rest_route=\/wp\/v2\/media\/1187"}],"wp:attachment":[{"href":"https:\/\/ujeminasmeh.si\/index.php?rest_route=%2Fwp%2Fv2%2Fmedia&parent=1857"}],"wp:term":[{"taxonomy":"product_brand","embeddable":true,"href":"https:\/\/ujeminasmeh.si\/index.php?rest_route=%2Fwp%2Fv2%2Fproduct_brand&post=1857"},{"taxonomy":"product_cat","embeddable":true,"href":"https:\/\/ujeminasmeh.si\/index.php?rest_route=%2Fwp%2Fv2%2Fproduct_cat&post=1857"},{"taxonomy":"product_tag","embeddable":true,"href":"https:\/\/ujeminasmeh.si\/index.php?rest_route=%2Fwp%2Fv2%2Fproduct_tag&post=1857"}],"curies":[{"name":"wp","href":"https:\/\/api.w.org\/{rel}","templated":true}]}}