{"id":1920,"date":"2021-10-24T23:35:15","date_gmt":"2021-10-24T21:35:15","guid":{"rendered":"https:\/\/izotim.si\/?post_type=product&#038;p=1920"},"modified":"2025-11-07T21:16:54","modified_gmt":"2025-11-07T20:16:54","slug":"lesena-tablica-rad-a-te-imam-kopija","status":"publish","type":"product","link":"https:\/\/ujeminasmeh.si\/?product=lesena-tablica-rad-a-te-imam-kopija","title":{"rendered":"Lesena tablica \u00abRad\/a te imam\u00bb"},"content":{"rendered":"","protected":false},"excerpt":{"rendered":"<p>Je osebno in edinstveno darilo. Podarimo ga nam zelo dragi osebi, ki jo imamo preprosto radi. O\u010dara nas kombinacija lesa in \u010darobnih besed.<\/p>\n<p>Narejeno v Sloveniji. Izdelek je v celoti zasnovan in izdelan v Izotimu, z ljubeznijo, prijazen okolju s trajnostnim zna\u010dajem, sestavljen iz vezane plo\u0161\u010de in vrvice.<\/p>\n<p>Izdelek ni primeren za stik z vodo. Les je naravni material, zato je vsak izdelek unikaten.<\/p>\n","protected":false},"featured_media":1787,"comment_status":"open","ping_status":"closed","template":"","meta":{"_uag_custom_page_level_css":"","neve_meta_sidebar":"","neve_meta_container":"","neve_meta_enable_content_width":"off","neve_meta_content_width":100,"neve_meta_title_alignment":"","neve_meta_author_avatar":"","neve_post_elements_order":"","neve_meta_disable_header":"","neve_meta_disable_footer":"","neve_meta_disable_title":"","_themeisle_gutenberg_block_has_review":false},"product_brand":[],"product_cat":[128,74,138,144],"product_tag":[104,103,96,105,98,102],"class_list":{"0":"post-1920","1":"product","2":"type-product","3":"status-publish","4":"has-post-thumbnail","6":"product_cat-darila","7":"product_cat-lesene-tablice","8":"product_cat-za-njo","9":"product_cat-za-valentinovo","10":"product_tag-dan","11":"product_tag-lep-dan","12":"product_tag-lesena-tablica","13":"product_tag-lesena-tablica-ujemi-lep-dan","14":"product_tag-ujemi","15":"product_tag-ujemi-lep-dan","17":"first","18":"instock","19":"shipping-taxable","20":"purchasable","21":"product-type-variable"},"uagb_featured_image_src":{"full":["https:\/\/ujeminasmeh.si\/wp-content\/uploads\/2021\/10\/213EA440-E4CA-414F-A5BA-BAD025F1F834-scaled.jpeg",2560,1920,false],"thumbnail":["https:\/\/ujeminasmeh.si\/wp-content\/uploads\/2021\/10\/213EA440-E4CA-414F-A5BA-BAD025F1F834-150x150.jpeg",150,150,true],"medium":["https:\/\/ujeminasmeh.si\/wp-content\/uploads\/2021\/10\/213EA440-E4CA-414F-A5BA-BAD025F1F834-300x225.jpeg",300,225,true],"medium_large":["https:\/\/ujeminasmeh.si\/wp-content\/uploads\/2021\/10\/213EA440-E4CA-414F-A5BA-BAD025F1F834-768x576.jpeg",768,576,true],"large":["https:\/\/ujeminasmeh.si\/wp-content\/uploads\/2021\/10\/213EA440-E4CA-414F-A5BA-BAD025F1F834-1024x768.jpeg",1024,768,true],"1536x1536":["https:\/\/ujeminasmeh.si\/wp-content\/uploads\/2021\/10\/213EA440-E4CA-414F-A5BA-BAD025F1F834-1536x1152.jpeg",1536,1152,true],"2048x2048":["https:\/\/ujeminasmeh.si\/wp-content\/uploads\/2021\/10\/213EA440-E4CA-414F-A5BA-BAD025F1F834-2048x1536.jpeg",2048,1536,true],"neve-blog":["https:\/\/ujeminasmeh.si\/wp-content\/uploads\/2021\/10\/213EA440-E4CA-414F-A5BA-BAD025F1F834-930x620.jpeg",930,620,true],"woocommerce_thumbnail":["https:\/\/ujeminasmeh.si\/wp-content\/uploads\/2021\/10\/213EA440-E4CA-414F-A5BA-BAD025F1F834-scaled-1025x1025.jpeg",1025,1025,true],"woocommerce_single":["https:\/\/ujeminasmeh.si\/wp-content\/uploads\/2021\/10\/213EA440-E4CA-414F-A5BA-BAD025F1F834-1024x768.jpeg",1024,768,true],"woocommerce_gallery_thumbnail":["https:\/\/ujeminasmeh.si\/wp-content\/uploads\/2021\/10\/213EA440-E4CA-414F-A5BA-BAD025F1F834-scaled-100x100.jpeg",100,100,true]},"uagb_author_info":{"display_name":"bojanajug","author_link":"https:\/\/ujeminasmeh.si\/?author=0"},"uagb_comment_info":0,"uagb_excerpt":"Je osebno in edinstveno darilo. Podarimo ga nam zelo dragi osebi, ki jo imamo preprosto radi. O\u010dara nas kombinacija lesa in \u010darobnih besed. Narejeno v Sloveniji. Izdelek je v celoti zasnovan in izdelan v Izotimu, z ljubeznijo, prijazen okolju s trajnostnim zna\u010dajem, sestavljen iz vezane plo\u0161\u010de in vrvice. Izdelek ni primeren za stik z vodo.&hellip;","_links":{"self":[{"href":"https:\/\/ujeminasmeh.si\/index.php?rest_route=\/wp\/v2\/product\/1920","targetHints":{"allow":["GET"]}}],"collection":[{"href":"https:\/\/ujeminasmeh.si\/index.php?rest_route=\/wp\/v2\/product"}],"about":[{"href":"https:\/\/ujeminasmeh.si\/index.php?rest_route=\/wp\/v2\/types\/product"}],"replies":[{"embeddable":true,"href":"https:\/\/ujeminasmeh.si\/index.php?rest_route=%2Fwp%2Fv2%2Fcomments&post=1920"}],"version-history":[{"count":0,"href":"https:\/\/ujeminasmeh.si\/index.php?rest_route=\/wp\/v2\/product\/1920\/revisions"}],"wp:featuredmedia":[{"embeddable":true,"href":"https:\/\/ujeminasmeh.si\/index.php?rest_route=\/wp\/v2\/media\/1787"}],"wp:attachment":[{"href":"https:\/\/ujeminasmeh.si\/index.php?rest_route=%2Fwp%2Fv2%2Fmedia&parent=1920"}],"wp:term":[{"taxonomy":"product_brand","embeddable":true,"href":"https:\/\/ujeminasmeh.si\/index.php?rest_route=%2Fwp%2Fv2%2Fproduct_brand&post=1920"},{"taxonomy":"product_cat","embeddable":true,"href":"https:\/\/ujeminasmeh.si\/index.php?rest_route=%2Fwp%2Fv2%2Fproduct_cat&post=1920"},{"taxonomy":"product_tag","embeddable":true,"href":"https:\/\/ujeminasmeh.si\/index.php?rest_route=%2Fwp%2Fv2%2Fproduct_tag&post=1920"}],"curies":[{"name":"wp","href":"https:\/\/api.w.org\/{rel}","templated":true}]}}