{"id":2031,"date":"2021-10-25T10:01:31","date_gmt":"2021-10-25T08:01:31","guid":{"rendered":"https:\/\/izotim.si\/?post_type=product&#038;p=2031"},"modified":"2025-11-07T21:02:46","modified_gmt":"2025-11-07T20:02:46","slug":"lesena-tablica-ujemi-nasmeh-kopija-2","status":"publish","type":"product","link":"https:\/\/ujeminasmeh.si\/?product=lesena-tablica-ujemi-nasmeh-kopija-2","title":{"rendered":"Lesena tablica \u00bbUjemi nasmeh\u00ab"},"content":{"rendered":"","protected":false},"excerpt":{"rendered":"<p>Je motivacijska lesena tablica, ki je unikatno, edinstveno darilo in \u010dudovit dekor v prostoru. O\u010dara nas kombinacija lesa in \u010darobnih besed. Obesite, postavite jo tja, kjer \u017eelite dvigniti nivo energije, saj nam pogled na tablico resni\u010dno pri\u010dara Nasmeh na obraz.<\/p>\n<p>Narejeno v Sloveniji. Izdelek je v celoti zasnovan in izdelan v Izotimu, z ljubeznijo, prijazen okolju s trajnostnim zna\u010dajem, sestavljen iz vezane plo\u0161\u010de in vrvice.<\/p>\n<p>Izdelek ni primeren za stik z vodo. Les je naravni material, zato je vsak izdelek unikaten.<\/p>\n","protected":false},"featured_media":1172,"comment_status":"closed","ping_status":"closed","template":"","meta":{"_uag_custom_page_level_css":"","neve_meta_sidebar":"","neve_meta_container":"","neve_meta_enable_content_width":"off","neve_meta_content_width":100,"neve_meta_title_alignment":"","neve_meta_author_avatar":"","neve_post_elements_order":"","neve_meta_disable_header":"","neve_meta_disable_footer":"","neve_meta_disable_title":"","_themeisle_gutenberg_block_has_review":false},"product_brand":[],"product_cat":[128,129,74,81,136,160,132,137],"product_tag":[96,108,107,98,106],"class_list":{"0":"post-2031","1":"product","2":"type-product","3":"status-publish","4":"has-post-thumbnail","6":"product_cat-darila","7":"product_cat-dekor-za-dom","8":"product_cat-lesene-tablice","9":"product_cat-motivacija","10":"product_cat-samostojna-tablica","11":"product_cat-bozicek","12":"product_cat-za-majhno-pozornost","13":"product_cat-za-njega","14":"product_tag-lesena-tablica","15":"product_tag-lesena-tablica-ujemi-nasmeh","16":"product_tag-nasmeh","17":"product_tag-ujemi","18":"product_tag-ujemi-nasmeh","20":"first","21":"instock","22":"shipping-taxable","23":"purchasable","24":"product-type-variable"},"uagb_featured_image_src":{"full":["https:\/\/ujeminasmeh.si\/wp-content\/uploads\/2021\/08\/IMG_4159-scaled.jpg",2560,1920,false],"thumbnail":["https:\/\/ujeminasmeh.si\/wp-content\/uploads\/2021\/08\/IMG_4159-150x150.jpg",150,150,true],"medium":["https:\/\/ujeminasmeh.si\/wp-content\/uploads\/2021\/08\/IMG_4159-300x225.jpg",300,225,true],"medium_large":["https:\/\/ujeminasmeh.si\/wp-content\/uploads\/2021\/08\/IMG_4159-768x576.jpg",768,576,true],"large":["https:\/\/ujeminasmeh.si\/wp-content\/uploads\/2021\/08\/IMG_4159-1024x768.jpg",1024,768,true],"1536x1536":["https:\/\/ujeminasmeh.si\/wp-content\/uploads\/2021\/08\/IMG_4159-1536x1152.jpg",1536,1152,true],"2048x2048":["https:\/\/ujeminasmeh.si\/wp-content\/uploads\/2021\/08\/IMG_4159-2048x1536.jpg",2048,1536,true],"neve-blog":["https:\/\/ujeminasmeh.si\/wp-content\/uploads\/2021\/08\/IMG_4159-scaled.jpg",827,620,false],"woocommerce_thumbnail":["https:\/\/ujeminasmeh.si\/wp-content\/uploads\/2021\/08\/IMG_4159-scaled-1025x1025.jpg",1025,1025,true],"woocommerce_single":["https:\/\/ujeminasmeh.si\/wp-content\/uploads\/2021\/08\/IMG_4159-1024x768.jpg",1024,768,true],"woocommerce_gallery_thumbnail":["https:\/\/ujeminasmeh.si\/wp-content\/uploads\/2021\/08\/IMG_4159-scaled-100x100.jpg",100,100,true]},"uagb_author_info":{"display_name":"bojanajug","author_link":"https:\/\/ujeminasmeh.si\/?author=0"},"uagb_comment_info":0,"uagb_excerpt":"Je motivacijska lesena tablica, ki je unikatno, edinstveno darilo in \u010dudovit dekor v prostoru. O\u010dara nas kombinacija lesa in \u010darobnih besed. Obesite, postavite jo tja, kjer \u017eelite dvigniti nivo energije, saj nam pogled na tablico resni\u010dno pri\u010dara Nasmeh na obraz. Narejeno v Sloveniji. Izdelek je v celoti zasnovan in izdelan v Izotimu, z ljubeznijo, prijazen&hellip;","_links":{"self":[{"href":"https:\/\/ujeminasmeh.si\/index.php?rest_route=\/wp\/v2\/product\/2031","targetHints":{"allow":["GET"]}}],"collection":[{"href":"https:\/\/ujeminasmeh.si\/index.php?rest_route=\/wp\/v2\/product"}],"about":[{"href":"https:\/\/ujeminasmeh.si\/index.php?rest_route=\/wp\/v2\/types\/product"}],"replies":[{"embeddable":true,"href":"https:\/\/ujeminasmeh.si\/index.php?rest_route=%2Fwp%2Fv2%2Fcomments&post=2031"}],"version-history":[{"count":0,"href":"https:\/\/ujeminasmeh.si\/index.php?rest_route=\/wp\/v2\/product\/2031\/revisions"}],"wp:featuredmedia":[{"embeddable":true,"href":"https:\/\/ujeminasmeh.si\/index.php?rest_route=\/wp\/v2\/media\/1172"}],"wp:attachment":[{"href":"https:\/\/ujeminasmeh.si\/index.php?rest_route=%2Fwp%2Fv2%2Fmedia&parent=2031"}],"wp:term":[{"taxonomy":"product_brand","embeddable":true,"href":"https:\/\/ujeminasmeh.si\/index.php?rest_route=%2Fwp%2Fv2%2Fproduct_brand&post=2031"},{"taxonomy":"product_cat","embeddable":true,"href":"https:\/\/ujeminasmeh.si\/index.php?rest_route=%2Fwp%2Fv2%2Fproduct_cat&post=2031"},{"taxonomy":"product_tag","embeddable":true,"href":"https:\/\/ujeminasmeh.si\/index.php?rest_route=%2Fwp%2Fv2%2Fproduct_tag&post=2031"}],"curies":[{"name":"wp","href":"https:\/\/api.w.org\/{rel}","templated":true}]}}