{"id":2257,"date":"2021-11-11T19:31:48","date_gmt":"2021-11-11T18:31:48","guid":{"rendered":"https:\/\/izotim.si\/?post_type=product&#038;p=2257"},"modified":"2025-11-07T20:37:05","modified_gmt":"2025-11-07T19:37:05","slug":"lesena-tablica-mi-se-imamo-radi-2","status":"publish","type":"product","link":"https:\/\/ujeminasmeh.si\/?product=lesena-tablica-mi-se-imamo-radi-2","title":{"rendered":"Lesena tablica \u00bbMi se imamo radi&#8230;.\u00ab"},"content":{"rendered":"","protected":false},"excerpt":{"rendered":"<p>Je lesena tablica, ki je unikatno, edinstveno darilo in \u010dudovit dekor v prostoru. O\u010dara nas kombinacija lesa in uvodni del otro\u0161ke pesmi Mi se imamo radi&#8230;.. Za Bo\u017ei\u010dne praznike se zbere dru\u017eina in nam je preprosto lepo, ker imamo drug drugega, ker se imamo radi.<\/p>\n<p>Narejeno v Sloveniji. Izdelek je v celoti zasnovan in izdelan v Izotimu, z ljubeznijo, prijazen okolju s trajnostnim zna\u010dajem, sestavljen iz vezane plo\u0161\u010de in vrvice. \u010crke in liki so lasersko izrezani in imajo 3D u\u010dinek.<\/p>\n<p>Izdelek ni primeren za stik z vodo. Les je naravni material, zato je vsak izdelek unikaten.<\/p>\n","protected":false},"featured_media":2222,"comment_status":"closed","ping_status":"closed","template":"","meta":{"_uag_custom_page_level_css":"","neve_meta_sidebar":"","neve_meta_container":"","neve_meta_enable_content_width":"off","neve_meta_content_width":100,"neve_meta_title_alignment":"","neve_meta_author_avatar":"","neve_post_elements_order":"","neve_meta_disable_header":"","neve_meta_disable_footer":"","neve_meta_disable_title":"","_themeisle_gutenberg_block_has_review":false},"product_brand":[],"product_cat":[128,129,136,160],"product_tag":[96,108,107,98,106],"class_list":{"0":"post-2257","1":"product","2":"type-product","3":"status-publish","4":"has-post-thumbnail","6":"product_cat-darila","7":"product_cat-dekor-za-dom","8":"product_cat-samostojna-tablica","9":"product_cat-bozicek","10":"product_tag-lesena-tablica","11":"product_tag-lesena-tablica-ujemi-nasmeh","12":"product_tag-nasmeh","13":"product_tag-ujemi","14":"product_tag-ujemi-nasmeh","16":"first","17":"instock","18":"shipping-taxable","19":"purchasable","20":"product-type-variable"},"uagb_featured_image_src":{"full":["https:\/\/ujeminasmeh.si\/wp-content\/uploads\/2021\/11\/slike_11_11_2021-1-scaled.jpeg",2560,1920,false],"thumbnail":["https:\/\/ujeminasmeh.si\/wp-content\/uploads\/2021\/11\/slike_11_11_2021-1-150x150.jpeg",150,150,true],"medium":["https:\/\/ujeminasmeh.si\/wp-content\/uploads\/2021\/11\/slike_11_11_2021-1-300x225.jpeg",300,225,true],"medium_large":["https:\/\/ujeminasmeh.si\/wp-content\/uploads\/2021\/11\/slike_11_11_2021-1-768x576.jpeg",768,576,true],"large":["https:\/\/ujeminasmeh.si\/wp-content\/uploads\/2021\/11\/slike_11_11_2021-1-1024x768.jpeg",1024,768,true],"1536x1536":["https:\/\/ujeminasmeh.si\/wp-content\/uploads\/2021\/11\/slike_11_11_2021-1-1536x1152.jpeg",1536,1152,true],"2048x2048":["https:\/\/ujeminasmeh.si\/wp-content\/uploads\/2021\/11\/slike_11_11_2021-1-2048x1536.jpeg",2048,1536,true],"neve-blog":["https:\/\/ujeminasmeh.si\/wp-content\/uploads\/2021\/11\/slike_11_11_2021-1-930x620.jpeg",930,620,true],"woocommerce_thumbnail":["https:\/\/ujeminasmeh.si\/wp-content\/uploads\/2021\/11\/slike_11_11_2021-1-scaled-1025x1025.jpeg",1025,1025,true],"woocommerce_single":["https:\/\/ujeminasmeh.si\/wp-content\/uploads\/2021\/11\/slike_11_11_2021-1-1024x768.jpeg",1024,768,true],"woocommerce_gallery_thumbnail":["https:\/\/ujeminasmeh.si\/wp-content\/uploads\/2021\/11\/slike_11_11_2021-1-scaled-100x100.jpeg",100,100,true]},"uagb_author_info":{"display_name":"bojanajug","author_link":"https:\/\/ujeminasmeh.si\/?author=0"},"uagb_comment_info":0,"uagb_excerpt":"Je lesena tablica, ki je unikatno, edinstveno darilo in \u010dudovit dekor v prostoru. O\u010dara nas kombinacija lesa in uvodni del otro\u0161ke pesmi Mi se imamo radi..... Za Bo\u017ei\u010dne praznike se zbere dru\u017eina in nam je preprosto lepo, ker imamo drug drugega, ker se imamo radi. Narejeno v Sloveniji. Izdelek je v celoti zasnovan in izdelan&hellip;","_links":{"self":[{"href":"https:\/\/ujeminasmeh.si\/index.php?rest_route=\/wp\/v2\/product\/2257","targetHints":{"allow":["GET"]}}],"collection":[{"href":"https:\/\/ujeminasmeh.si\/index.php?rest_route=\/wp\/v2\/product"}],"about":[{"href":"https:\/\/ujeminasmeh.si\/index.php?rest_route=\/wp\/v2\/types\/product"}],"replies":[{"embeddable":true,"href":"https:\/\/ujeminasmeh.si\/index.php?rest_route=%2Fwp%2Fv2%2Fcomments&post=2257"}],"version-history":[{"count":0,"href":"https:\/\/ujeminasmeh.si\/index.php?rest_route=\/wp\/v2\/product\/2257\/revisions"}],"wp:featuredmedia":[{"embeddable":true,"href":"https:\/\/ujeminasmeh.si\/index.php?rest_route=\/wp\/v2\/media\/2222"}],"wp:attachment":[{"href":"https:\/\/ujeminasmeh.si\/index.php?rest_route=%2Fwp%2Fv2%2Fmedia&parent=2257"}],"wp:term":[{"taxonomy":"product_brand","embeddable":true,"href":"https:\/\/ujeminasmeh.si\/index.php?rest_route=%2Fwp%2Fv2%2Fproduct_brand&post=2257"},{"taxonomy":"product_cat","embeddable":true,"href":"https:\/\/ujeminasmeh.si\/index.php?rest_route=%2Fwp%2Fv2%2Fproduct_cat&post=2257"},{"taxonomy":"product_tag","embeddable":true,"href":"https:\/\/ujeminasmeh.si\/index.php?rest_route=%2Fwp%2Fv2%2Fproduct_tag&post=2257"}],"curies":[{"name":"wp","href":"https:\/\/api.w.org\/{rel}","templated":true}]}}